{"id":10,"date":"2024-05-21T07:47:58","date_gmt":"2024-05-21T05:47:58","guid":{"rendered":"http:\/\/cartesimjapon.com\/?page_id=10"},"modified":"2024-09-18T02:54:05","modified_gmt":"2024-09-18T00:54:05","slug":"remboursements_retours","status":"publish","type":"page","link":"https:\/\/cartesimjapon.com\/index.php\/remboursements_retours\/","title":{"rendered":"Conditions g\u00e9n\u00e9rales de vente \/ Politique en mati\u00e8re de remboursements et de retours"},"content":{"rendered":"\n<p><strong>Modalit\u00e9s de Paiement<\/strong><br>Le paiement int\u00e9gral (100%) de la carte SIM est requis au moment de la commande.<\/p>\n\n\n\n<p><strong>Conditions de Remboursement et Frais de Retour<\/strong><br>Les cartes SIM peuvent \u00eatre rembours\u00e9es \u00e0 condition qu&rsquo;elles n&rsquo;aient jamais \u00e9t\u00e9 utilis\u00e9es et que leur emballage soit intact. Pour \u00eatre \u00e9ligible \u00e0 un remboursement, la carte SIM doit nous \u00eatre retourn\u00e9e dans un d\u00e9lai d&rsquo;un mois suivant la date d&rsquo;achat. Les frais de traitement pour les annulations sont de 10% du prix d&rsquo;achat. Toutefois, Carte Sim Japon se r\u00e9serve le droit de rembourser ou de fournir une nouvelle carte SIM au client de bonne foi qui n&rsquo;aurait pas re\u00e7u sa carte SIM dans les temps ou qui aurait \u00e9t\u00e9 perdue par la poste.<\/p>\n\n\n\n<p><strong>Proc\u00e9dure de Retour<\/strong><br>Pour initier un retour, veuillez nous contacter \u00e0 [votre adresse email ou formulaire de contact] avec votre num\u00e9ro de commande et les d\u00e9tails du produit. Nous vous fournirons les instructions n\u00e9cessaires pour retourner la carte SIM. Les frais de retour sont \u00e0 la charge de l&rsquo;acheteur.<\/p>\n\n\n\n<p><strong>Exceptions et Non-\u00c9ligibilit\u00e9<\/strong><br>Aucune carte SIM ne sera rembours\u00e9e si elle a \u00e9t\u00e9 utilis\u00e9e ou si l&#8217;emballage a \u00e9t\u00e9 ouvert ou endommag\u00e9. Nous ne pouvons pas accepter de retours pour des cartes SIM achet\u00e9es il y a plus de 30 jours.<\/p>\n\n\n\n<p><strong>Responsabilit\u00e9<\/strong><br>Nous ne sommes pas responsables des cartes SIM perdues ou endommag\u00e9es lors du retour. Il est conseill\u00e9 d&rsquo;utiliser un service de livraison avec suivi et\/ou de souscrire une assurance pour les retours de valeur.<\/p>\n\n\n\n<p>Les cartes Sim propos\u00e9es sur le site ne permettent pas de passer des appels ou d&rsquo;envoyer des SMS. Toute sur-facturation de la part de l&rsquo;op\u00e9rateur t\u00e9l\u00e9phonique du client ne saurait \u00eatre attribu\u00e9e \u00e0 cartesimjapon.com<\/p>\n\n\n\n<p><strong>Adresse de Retour<\/strong><br>Les cartes SIM doivent \u00eatre retourn\u00e9es \u00e0 l&rsquo;adresse suivante : Tokyo-to Shinjuku-ku Wakamatsucho 28-21<\/p>\n\n\n\n<p><strong>Contact<\/strong><br>Pour toute question concernant les retours et les remboursements, veuillez nous contacter \u00e0 support@cartesimjapon.com.<\/p>\n","protected":false},"excerpt":{"rendered":"<p>Modalit\u00e9s de PaiementLe paiement int\u00e9gral (100%) de la carte SIM est requis au moment de la commande. Conditions de Remboursement et Frais de RetourLes cartes SIM peuvent \u00eatre rembours\u00e9es \u00e0 condition qu&rsquo;elles n&rsquo;aient jamais \u00e9t\u00e9 utilis\u00e9es et que leur emballage soit intact. Pour \u00eatre \u00e9ligible \u00e0 un remboursement, la carte SIM doit nous \u00eatre retourn\u00e9e &hellip; <\/p>\n<p class=\"link-more\"><a href=\"https:\/\/cartesimjapon.com\/index.php\/remboursements_retours\/\" class=\"more-link\">Lire la suite de<span class=\"screen-reader-text\">\u00ab\u00a0Conditions g\u00e9n\u00e9rales de vente \/ Politique en mati\u00e8re de remboursements et de retours\u00a0\u00bb<\/span><\/a><\/p>\n","protected":false},"author":1,"featured_media":0,"parent":0,"menu_order":0,"comment_status":"closed","ping_status":"closed","template":"","meta":{"inspiro_hide_title":false,"footnotes":""},"class_list":["post-10","page","type-page","status-publish","hentry"],"yoast_head":"<!-- This site is optimized with the Yoast SEO plugin v27.5 - https:\/\/yoast.com\/product\/yoast-seo-wordpress\/ -->\n<title>Conditions g\u00e9n\u00e9rales de vente \/ Politique en mati\u00e8re de remboursements et de retours - Carte Sim Japon<\/title>\n<meta name=\"robots\" content=\"index, follow, max-snippet:-1, max-image-preview:large, max-video-preview:-1\" \/>\n<link rel=\"canonical\" href=\"https:\/\/cartesimjapon.com\/index.php\/remboursements_retours\/\" \/>\n<meta property=\"og:locale\" content=\"fr_FR\" \/>\n<meta property=\"og:type\" content=\"article\" \/>\n<meta property=\"og:title\" content=\"Conditions g\u00e9n\u00e9rales de vente \/ Politique en mati\u00e8re de remboursements et de retours - Carte Sim Japon\" \/>\n<meta property=\"og:description\" content=\"Modalit\u00e9s de PaiementLe paiement int\u00e9gral (100%) de la carte SIM est requis au moment de la commande. Conditions de Remboursement et Frais de RetourLes cartes SIM peuvent \u00eatre rembours\u00e9es \u00e0 condition qu&rsquo;elles n&rsquo;aient jamais \u00e9t\u00e9 utilis\u00e9es et que leur emballage soit intact. Pour \u00eatre \u00e9ligible \u00e0 un remboursement, la carte SIM doit nous \u00eatre retourn\u00e9e &hellip; Lire la suite de\u00ab\u00a0Conditions g\u00e9n\u00e9rales de vente \/ Politique en mati\u00e8re de remboursements et de retours\u00a0\u00bb\" \/>\n<meta property=\"og:url\" content=\"https:\/\/cartesimjapon.com\/index.php\/remboursements_retours\/\" \/>\n<meta property=\"og:site_name\" content=\"Carte Sim Japon\" \/>\n<meta property=\"article:modified_time\" content=\"2024-09-18T00:54:05+00:00\" \/>\n<meta name=\"twitter:card\" content=\"summary_large_image\" \/>\n<meta name=\"twitter:label1\" content=\"Dur\u00e9e de lecture estim\u00e9e\" \/>\n\t<meta name=\"twitter:data1\" content=\"2 minutes\" \/>\n<script type=\"application\/ld+json\" class=\"yoast-schema-graph\">{\"@context\":\"https:\\\/\\\/schema.org\",\"@graph\":[{\"@type\":\"WebPage\",\"@id\":\"https:\\\/\\\/cartesimjapon.com\\\/index.php\\\/remboursements_retours\\\/\",\"url\":\"https:\\\/\\\/cartesimjapon.com\\\/index.php\\\/remboursements_retours\\\/\",\"name\":\"Conditions g\u00e9n\u00e9rales de vente \\\/ Politique en mati\u00e8re de remboursements et de retours - Carte Sim Japon\",\"isPartOf\":{\"@id\":\"https:\\\/\\\/cartesimjapon.com\\\/#website\"},\"datePublished\":\"2024-05-21T05:47:58+00:00\",\"dateModified\":\"2024-09-18T00:54:05+00:00\",\"breadcrumb\":{\"@id\":\"https:\\\/\\\/cartesimjapon.com\\\/index.php\\\/remboursements_retours\\\/#breadcrumb\"},\"inLanguage\":\"fr-FR\",\"potentialAction\":[{\"@type\":\"ReadAction\",\"target\":[\"https:\\\/\\\/cartesimjapon.com\\\/index.php\\\/remboursements_retours\\\/\"]}]},{\"@type\":\"BreadcrumbList\",\"@id\":\"https:\\\/\\\/cartesimjapon.com\\\/index.php\\\/remboursements_retours\\\/#breadcrumb\",\"itemListElement\":[{\"@type\":\"ListItem\",\"position\":1,\"name\":\"Accueil\",\"item\":\"https:\\\/\\\/cartesimjapon.com\\\/\"},{\"@type\":\"ListItem\",\"position\":2,\"name\":\"Conditions g\u00e9n\u00e9rales de vente \\\/ Politique en mati\u00e8re de remboursements et de retours\"}]},{\"@type\":\"WebSite\",\"@id\":\"https:\\\/\\\/cartesimjapon.com\\\/#website\",\"url\":\"https:\\\/\\\/cartesimjapon.com\\\/\",\"name\":\"Carte Sim Japon\",\"description\":\"Recevez votre carte sim pour le Japon \u00e0 domicile\",\"publisher\":{\"@id\":\"https:\\\/\\\/cartesimjapon.com\\\/#organization\"},\"potentialAction\":[{\"@type\":\"SearchAction\",\"target\":{\"@type\":\"EntryPoint\",\"urlTemplate\":\"https:\\\/\\\/cartesimjapon.com\\\/?s={search_term_string}\"},\"query-input\":{\"@type\":\"PropertyValueSpecification\",\"valueRequired\":true,\"valueName\":\"search_term_string\"}}],\"inLanguage\":\"fr-FR\"},{\"@type\":\"Organization\",\"@id\":\"https:\\\/\\\/cartesimjapon.com\\\/#organization\",\"name\":\"Carte Sim Japon\",\"url\":\"https:\\\/\\\/cartesimjapon.com\\\/\",\"logo\":{\"@type\":\"ImageObject\",\"inLanguage\":\"fr-FR\",\"@id\":\"https:\\\/\\\/cartesimjapon.com\\\/#\\\/schema\\\/logo\\\/image\\\/\",\"url\":\"https:\\\/\\\/cartesimjapon.com\\\/wp-content\\\/uploads\\\/2024\\\/05\\\/cropped-Transparent.png\",\"contentUrl\":\"https:\\\/\\\/cartesimjapon.com\\\/wp-content\\\/uploads\\\/2024\\\/05\\\/cropped-Transparent.png\",\"width\":3525,\"height\":2893,\"caption\":\"Carte Sim Japon\"},\"image\":{\"@id\":\"https:\\\/\\\/cartesimjapon.com\\\/#\\\/schema\\\/logo\\\/image\\\/\"},\"sameAs\":[\"https:\\\/\\\/www.youtube.com\\\/@CarteSimJapon\",\"https:\\\/\\\/www.tiktok.com\\\/@cartesimjapon\",\"https:\\\/\\\/www.instagram.com\\\/carte_sim_japon\\\/\",\"https:\\\/\\\/www.facebook.com\\\/profile.php?id=61560788565180\"]}]}<\/script>\n<!-- \/ Yoast SEO plugin. -->","yoast_head_json":{"title":"Conditions g\u00e9n\u00e9rales de vente \/ Politique en mati\u00e8re de remboursements et de retours - Carte Sim Japon","robots":{"index":"index","follow":"follow","max-snippet":"max-snippet:-1","max-image-preview":"max-image-preview:large","max-video-preview":"max-video-preview:-1"},"canonical":"https:\/\/cartesimjapon.com\/index.php\/remboursements_retours\/","og_locale":"fr_FR","og_type":"article","og_title":"Conditions g\u00e9n\u00e9rales de vente \/ Politique en mati\u00e8re de remboursements et de retours - Carte Sim Japon","og_description":"Modalit\u00e9s de PaiementLe paiement int\u00e9gral (100%) de la carte SIM est requis au moment de la commande. Conditions de Remboursement et Frais de RetourLes cartes SIM peuvent \u00eatre rembours\u00e9es \u00e0 condition qu&rsquo;elles n&rsquo;aient jamais \u00e9t\u00e9 utilis\u00e9es et que leur emballage soit intact. Pour \u00eatre \u00e9ligible \u00e0 un remboursement, la carte SIM doit nous \u00eatre retourn\u00e9e &hellip; Lire la suite de\u00ab\u00a0Conditions g\u00e9n\u00e9rales de vente \/ Politique en mati\u00e8re de remboursements et de retours\u00a0\u00bb","og_url":"https:\/\/cartesimjapon.com\/index.php\/remboursements_retours\/","og_site_name":"Carte Sim Japon","article_modified_time":"2024-09-18T00:54:05+00:00","twitter_card":"summary_large_image","twitter_misc":{"Dur\u00e9e de lecture estim\u00e9e":"2 minutes"},"schema":{"@context":"https:\/\/schema.org","@graph":[{"@type":"WebPage","@id":"https:\/\/cartesimjapon.com\/index.php\/remboursements_retours\/","url":"https:\/\/cartesimjapon.com\/index.php\/remboursements_retours\/","name":"Conditions g\u00e9n\u00e9rales de vente \/ Politique en mati\u00e8re de remboursements et de retours - Carte Sim Japon","isPartOf":{"@id":"https:\/\/cartesimjapon.com\/#website"},"datePublished":"2024-05-21T05:47:58+00:00","dateModified":"2024-09-18T00:54:05+00:00","breadcrumb":{"@id":"https:\/\/cartesimjapon.com\/index.php\/remboursements_retours\/#breadcrumb"},"inLanguage":"fr-FR","potentialAction":[{"@type":"ReadAction","target":["https:\/\/cartesimjapon.com\/index.php\/remboursements_retours\/"]}]},{"@type":"BreadcrumbList","@id":"https:\/\/cartesimjapon.com\/index.php\/remboursements_retours\/#breadcrumb","itemListElement":[{"@type":"ListItem","position":1,"name":"Accueil","item":"https:\/\/cartesimjapon.com\/"},{"@type":"ListItem","position":2,"name":"Conditions g\u00e9n\u00e9rales de vente \/ Politique en mati\u00e8re de remboursements et de retours"}]},{"@type":"WebSite","@id":"https:\/\/cartesimjapon.com\/#website","url":"https:\/\/cartesimjapon.com\/","name":"Carte Sim Japon","description":"Recevez votre carte sim pour le Japon \u00e0 domicile","publisher":{"@id":"https:\/\/cartesimjapon.com\/#organization"},"potentialAction":[{"@type":"SearchAction","target":{"@type":"EntryPoint","urlTemplate":"https:\/\/cartesimjapon.com\/?s={search_term_string}"},"query-input":{"@type":"PropertyValueSpecification","valueRequired":true,"valueName":"search_term_string"}}],"inLanguage":"fr-FR"},{"@type":"Organization","@id":"https:\/\/cartesimjapon.com\/#organization","name":"Carte Sim Japon","url":"https:\/\/cartesimjapon.com\/","logo":{"@type":"ImageObject","inLanguage":"fr-FR","@id":"https:\/\/cartesimjapon.com\/#\/schema\/logo\/image\/","url":"https:\/\/cartesimjapon.com\/wp-content\/uploads\/2024\/05\/cropped-Transparent.png","contentUrl":"https:\/\/cartesimjapon.com\/wp-content\/uploads\/2024\/05\/cropped-Transparent.png","width":3525,"height":2893,"caption":"Carte Sim Japon"},"image":{"@id":"https:\/\/cartesimjapon.com\/#\/schema\/logo\/image\/"},"sameAs":["https:\/\/www.youtube.com\/@CarteSimJapon","https:\/\/www.tiktok.com\/@cartesimjapon","https:\/\/www.instagram.com\/carte_sim_japon\/","https:\/\/www.facebook.com\/profile.php?id=61560788565180"]}]}},"jetpack_sharing_enabled":true,"_links":{"self":[{"href":"https:\/\/cartesimjapon.com\/index.php\/wp-json\/wp\/v2\/pages\/10","targetHints":{"allow":["GET"]}}],"collection":[{"href":"https:\/\/cartesimjapon.com\/index.php\/wp-json\/wp\/v2\/pages"}],"about":[{"href":"https:\/\/cartesimjapon.com\/index.php\/wp-json\/wp\/v2\/types\/page"}],"author":[{"embeddable":true,"href":"https:\/\/cartesimjapon.com\/index.php\/wp-json\/wp\/v2\/users\/1"}],"replies":[{"embeddable":true,"href":"https:\/\/cartesimjapon.com\/index.php\/wp-json\/wp\/v2\/comments?post=10"}],"version-history":[{"count":3,"href":"https:\/\/cartesimjapon.com\/index.php\/wp-json\/wp\/v2\/pages\/10\/revisions"}],"predecessor-version":[{"id":531,"href":"https:\/\/cartesimjapon.com\/index.php\/wp-json\/wp\/v2\/pages\/10\/revisions\/531"}],"wp:attachment":[{"href":"https:\/\/cartesimjapon.com\/index.php\/wp-json\/wp\/v2\/media?parent=10"}],"curies":[{"name":"wp","href":"https:\/\/api.w.org\/{rel}","templated":true}]}}