{"id":181,"date":"2024-05-21T08:21:09","date_gmt":"2024-05-21T06:21:09","guid":{"rendered":"https:\/\/cartesimjapon.com\/?page_id=181"},"modified":"2024-10-02T03:44:26","modified_gmt":"2024-10-02T01:44:26","slug":"cartes-sim-prepayees-pour-le-japon","status":"publish","type":"page","link":"https:\/\/cartesimjapon.com\/index.php\/cartes-sim-prepayees-pour-le-japon\/","title":{"rendered":"Carte Sim pr\u00e9pay\u00e9e Pour le Japon"},"content":{"rendered":"\n<figure class=\"wp-block-image size-large\"><img loading=\"lazy\" decoding=\"async\" width=\"1024\" height=\"576\" src=\"https:\/\/cartesimjapon.com\/wp-content\/uploads\/2024\/09\/Carte-Sim-Japon-1024x576.webp\" alt=\"Carte sim pour le Japon\" class=\"wp-image-538\" srcset=\"https:\/\/cartesimjapon.com\/wp-content\/uploads\/2024\/09\/Carte-Sim-Japon-1024x576.webp 1024w, https:\/\/cartesimjapon.com\/wp-content\/uploads\/2024\/09\/Carte-Sim-Japon-300x169.webp 300w, https:\/\/cartesimjapon.com\/wp-content\/uploads\/2024\/09\/Carte-Sim-Japon.webp 1920w\" sizes=\"auto, (max-width: 1024px) 100vw, 1024px\" \/><\/figure>\n\n\n\n<h2 class=\"wp-block-heading\">Recevez votre Carte SIM pour le Japon \u00e0 domicile<\/h2>\n\n\n\n<hr class=\"wp-block-separator has-alpha-channel-opacity\"\/>\n\n\n\n<ul class=\"wp-block-list\">\n<li>\ud83d\udfe2Compatibles <strong>Iphone et Android<\/strong> (<strong>Google Pixels<\/strong>\ud83d\udd34 NON compatibles)<\/li>\n\n\n\n<li><strong>Ne permet pas<\/strong> de passer des <strong>appels<\/strong> ni d&rsquo;envoyer des <strong>SMS<\/strong><\/li>\n\n\n\n<li>Utilisable pendant <strong>30 jours<\/strong> \u00e0 compter du jour de l&rsquo;activation (le jour de votre arriv\u00e9e au Japon)<\/li>\n\n\n\n<li>R\u00e9seau <strong>4G LTE<\/strong><\/li>\n\n\n\n<li>Meilleure couverture r\u00e9seau au Japon gr\u00e2ce au r\u00e9seau <strong>NTT Docomo<\/strong><\/li>\n\n\n\n<li>Guide d&rsquo;activation fourni en anglais<\/li>\n<\/ul>\n\n\n\n<h3 class=\"wp-block-heading\">Plus besoin d&rsquo;attendre d&rsquo;\u00eatre au Japon pour acheter une Carte Sim<\/h3>\n\n\n\n<ul class=\"wp-block-list\">\n<li>Envoi \u00e0 votre domicile\ud83c\uddeb\ud83c\uddf7\ud83c\udde8\ud83c\udded\ud83c\udde7\ud83c\uddea avec <strong>num\u00e9ro de suivi<\/strong> <strong>international<\/strong><\/li>\n\n\n\n<li>Frais de livraison<strong> inclus<\/strong><\/li>\n\n\n\n<li><strong>Service clients<\/strong> disponible <strong>7 jours sur 7<\/strong> en fran\u00e7ais <mark style=\"background-color:rgba(0, 0, 0, 0)\" class=\"has-inline-color has-secondary-color\">par mail<\/mark>. (r\u00e9ponse dans les 48H)<\/li>\n<\/ul>\n\n\n\n<h2 class=\"wp-block-heading\">Carte SIM Japon 1 mois <\/h2>\n\n\n\n<div data-align-buttons=\"false\" data-block-name=\"woocommerce\/all-products\" data-columns=\"3\" data-content-visibility=\"{&quot;orderBy&quot;:false}\" data-layout-config=\"[[&quot;woocommerce\\\/product-image&quot;,{&quot;imageSizing&quot;:&quot;thumbnail&quot;}],[&quot;woocommerce\\\/product-title&quot;],[&quot;woocommerce\\\/product-price&quot;],[&quot;woocommerce\\\/product-rating&quot;],[&quot;woocommerce\\\/product-button&quot;]]\" data-orderby=\"price\" data-rows=\"3\" class=\"wp-block-woocommerce-all-products wc-block-all-products\" data-attributes=\"{&quot;alignButtons&quot;:false,&quot;columns&quot;:3,&quot;contentVisibility&quot;:{&quot;orderBy&quot;:false},&quot;isPreview&quot;:false,&quot;layoutConfig&quot;:[[&quot;woocommerce\/product-image&quot;,{&quot;imageSizing&quot;:&quot;thumbnail&quot;}],[&quot;woocommerce\/product-title&quot;],[&quot;woocommerce\/product-price&quot;],[&quot;woocommerce\/product-rating&quot;],[&quot;woocommerce\/product-button&quot;]],&quot;orderby&quot;:&quot;price&quot;,&quot;rows&quot;:3}\"><\/div>\n\n\n\n<hr class=\"wp-block-separator has-alpha-channel-opacity\"\/>\n\n\n\n<h2 class=\"wp-block-heading\">Comment activer la Carte Sim sur mon t\u00e9l\u00e9phone?<\/h2>\n\n\n\n<p>Vous devrez attendre d&rsquo;<strong>atterrir au Japon<\/strong> pour pouvoir capter le <strong>r\u00e9seau local<\/strong>. Remplacez simplement votre Carte Sim actuelle par la <strong>Carte Sim japonaise<\/strong> que vous avez re\u00e7ue. Red\u00e9marrez votre t\u00e9l\u00e9phone : vous \u00eates <strong>connect\u00e9s<\/strong>.<\/p>\n\n\n\n<h2 class=\"wp-block-heading\">Comment suivre ma consommation?<\/h2>\n\n\n\n<p>Une fois la <strong>carte SIM ins\u00e9r\u00e9e et activ\u00e9e<\/strong>, votre t\u00e9l\u00e9phone vous indiquera automatiquement combien de donn\u00e9es vous avez utilis\u00e9es. Par exemple, sur un<strong> iPhone<\/strong>, vous pouvez v\u00e9rifier votre consommation dans le menu \u00ab\u00a0R\u00e9glages\u00a0\u00bb sous l&rsquo;onglet \u00ab\u00a0<strong>Donn\u00e9es cellulaires<\/strong>\u00ab\u00a0. Pour un <strong>Android<\/strong>, c&rsquo;est dans les \u00ab\u00a0Param\u00e8tres\u00a0\u00bb, sous \u00ab\u00a0<strong>Utilisation des donn\u00e9es<\/strong>\u00ab\u00a0.<\/p>\n\n\n\n<h2 class=\"wp-block-heading\">Livraison internationale et suivi<\/h2>\n\n\n\n<ul class=\"wp-block-list\">\n<li>D\u00e9lai estim\u00e9 entre le jour de la commande et la r\u00e9ception : <strong>10 \u00e0 15 jours ouvr\u00e9s<\/strong><\/li>\n\n\n\n<li>D\u00e8s que nous vous exp\u00e9dions votre Carte Sim, nous vous envoyons un mail contenant un <strong>lien de suivi international<\/strong> de la poste japonaise.<\/li>\n<\/ul>\n\n\n\n<h2 class=\"wp-block-heading\">Autres questions fr\u00e9quemment pos\u00e9es<\/h2>\n\n\n\n<h3 class=\"wp-block-heading\">Pendant combien de temps je peux utiliser ma carte SIM? <\/h3>\n\n\n\n<p><em>Nos cartes SIM sont valides 30 jours <strong>\u00c0 COMPTER DU JOUR DE LEUR ACTIVATION<\/strong>. Si vous arrivez le 1er janvier au Japon et que vous activez votre carte SIM le jour-m\u00eame, elle sera valide jusqu&rsquo;au 31 janvier ou jusqu&rsquo;\u00e0 ce que ce que vous ayez utilis\u00e9 la totalit\u00e9 du nombre de Gb.<\/em><\/p>\n\n\n\n<h3 class=\"wp-block-heading\">Couverture r\u00e9seau et vitesse de d\u00e9bit<\/h3>\n\n\n\n<p><em>Les cartes SIM utilisent toutes le <strong>r\u00e9seau 4G LTE<\/strong> fourni par <strong>NTT DOCOMO<\/strong>, l&rsquo;un des 3 plus gros fournisseurs d&rsquo;acc\u00e8s au Japon et couvrant la plus grande partie du territoire japonais.<\/em><\/p>\n\n\n\n<h3 class=\"wp-block-heading\">Est-ce que je dois rendre la carte SIM ?<\/h3>\n\n\n\n<p><em>Non, c&rsquo;est d&rsquo;ailleurs l&rsquo;avantage principal des <strong>Cartes Sim face au pocket WiFi<\/strong>.<\/em><\/p>\n\n\n\n<h3 class=\"wp-block-heading\">Quelle nombre de Gb je dois prendre?<\/h3>\n\n\n\n<p>Pour vous donner une meilleure id\u00e9e des utilisations possibles en fonction du nombre de GB, veuillez consultez ce tableau comparatif <a href=\"https:\/\/cartesimjapon.com\/index.php\/comparaison-dutilisations-des-cartes-sim\/\" data-type=\"page\" data-id=\"162\">en cliquant ici.<\/a><\/p>\n\n\n\n<h2 class=\"wp-block-heading\">Ce que nos clients pensent de nous<\/h2>\n\n\n\n<p>D\u00e9couvrez les avis de nos clients sur <a href=\"https:\/\/fr.trustpilot.com\/review\/cartesimjapon.com\"><strong>TRUSPILOT<\/strong><\/a><\/p>\n\n\n\n<figure class=\"wp-block-image size-large\"><a href=\"https:\/\/fr.trustpilot.com\/review\/cartesimjapon.com\"><img loading=\"lazy\" decoding=\"async\" width=\"1024\" height=\"377\" src=\"https:\/\/cartesimjapon.com\/wp-content\/uploads\/2024\/09\/Design-sans-titre-_38_-1024x377.webp\" alt=\"Trustpilot Carte sim japon\" class=\"wp-image-557\" srcset=\"https:\/\/cartesimjapon.com\/wp-content\/uploads\/2024\/09\/Design-sans-titre-_38_-1024x377.webp 1024w, https:\/\/cartesimjapon.com\/wp-content\/uploads\/2024\/09\/Design-sans-titre-_38_-300x110.webp 300w, https:\/\/cartesimjapon.com\/wp-content\/uploads\/2024\/09\/Design-sans-titre-_38_.webp 1440w\" sizes=\"auto, (max-width: 1024px) 100vw, 1024px\" \/><\/a><\/figure>\n\n\n\n<h2 class=\"wp-block-heading has-text-align-center\">Suivez-nous sur Youtube<\/h2>\n\n\n\n<figure class=\"wp-block-image size-full\"><a href=\"https:\/\/www.youtube.com\/@CarteSimJapon\/featured\"><img loading=\"lazy\" decoding=\"async\" width=\"488\" height=\"697\" src=\"https:\/\/cartesimjapon.com\/wp-content\/uploads\/2024\/09\/Capture-decran-2024-09-26-a-11.03.54-AM.webp\" alt=\"youtube carte sim japon\" class=\"wp-image-562\" srcset=\"https:\/\/cartesimjapon.com\/wp-content\/uploads\/2024\/09\/Capture-decran-2024-09-26-a-11.03.54-AM.webp 488w, https:\/\/cartesimjapon.com\/wp-content\/uploads\/2024\/09\/Capture-decran-2024-09-26-a-11.03.54-AM-210x300.webp 210w\" sizes=\"auto, (max-width: 488px) 100vw, 488px\" \/><\/a><\/figure>\n","protected":false},"excerpt":{"rendered":"<p>Recevez votre Carte SIM pour le Japon \u00e0 domicile Plus besoin d&rsquo;attendre d&rsquo;\u00eatre au Japon pour acheter une Carte Sim Carte SIM Japon 1 mois Comment activer la Carte Sim sur mon t\u00e9l\u00e9phone? Vous devrez attendre d&rsquo;atterrir au Japon pour pouvoir capter le r\u00e9seau local. Remplacez simplement votre Carte Sim actuelle par la Carte Sim &hellip; <\/p>\n<p class=\"link-more\"><a href=\"https:\/\/cartesimjapon.com\/index.php\/cartes-sim-prepayees-pour-le-japon\/\" class=\"more-link\">Lire la suite de<span class=\"screen-reader-text\">\u00ab\u00a0Carte Sim pr\u00e9pay\u00e9e Pour le Japon\u00a0\u00bb<\/span><\/a><\/p>\n","protected":false},"author":1,"featured_media":0,"parent":0,"menu_order":0,"comment_status":"closed","ping_status":"closed","template":"","meta":{"inspiro_hide_title":false,"footnotes":""},"class_list":["post-181","page","type-page","status-publish","hentry"],"yoast_head":"<!-- This site is optimized with the Yoast SEO plugin v27.5 - https:\/\/yoast.com\/product\/yoast-seo-wordpress\/ -->\n<title>Carte Sim pr\u00e9pay\u00e9e Pour le Japon - Carte Sim Japon<\/title>\n<meta name=\"description\" content=\"Recevez \u00e0 domicile votre Carte SIM pr\u00e9pay\u00e9e pour le Japon . Commandez en ligne : livraison rapide, valable 1 mois \u00e0 compter de l&#039;activation.\" \/>\n<meta name=\"robots\" content=\"index, follow, max-snippet:-1, max-image-preview:large, max-video-preview:-1\" \/>\n<link rel=\"canonical\" href=\"https:\/\/cartesimjapon.com\/index.php\/cartes-sim-prepayees-pour-le-japon\/\" \/>\n<meta property=\"og:locale\" content=\"fr_FR\" \/>\n<meta property=\"og:type\" content=\"article\" \/>\n<meta property=\"og:title\" content=\"Carte Sim pr\u00e9pay\u00e9e Pour le Japon - Carte Sim Japon\" \/>\n<meta property=\"og:description\" content=\"Recevez \u00e0 domicile votre Carte SIM pr\u00e9pay\u00e9e pour le Japon . Commandez en ligne : livraison rapide, valable 1 mois \u00e0 compter de l&#039;activation.\" \/>\n<meta property=\"og:url\" content=\"https:\/\/cartesimjapon.com\/index.php\/cartes-sim-prepayees-pour-le-japon\/\" \/>\n<meta property=\"og:site_name\" content=\"Carte Sim Japon\" \/>\n<meta property=\"article:modified_time\" content=\"2024-10-02T01:44:26+00:00\" \/>\n<meta property=\"og:image\" content=\"https:\/\/cartesimjapon.com\/wp-content\/uploads\/2024\/09\/Carte-Sim-Japon-1024x576.webp\" \/>\n<meta name=\"twitter:card\" content=\"summary_large_image\" \/>\n<meta name=\"twitter:label1\" content=\"Dur\u00e9e de lecture estim\u00e9e\" \/>\n\t<meta name=\"twitter:data1\" content=\"3 minutes\" \/>\n<script type=\"application\/ld+json\" class=\"yoast-schema-graph\">{\"@context\":\"https:\\\/\\\/schema.org\",\"@graph\":[{\"@type\":\"WebPage\",\"@id\":\"https:\\\/\\\/cartesimjapon.com\\\/index.php\\\/cartes-sim-prepayees-pour-le-japon\\\/\",\"url\":\"https:\\\/\\\/cartesimjapon.com\\\/index.php\\\/cartes-sim-prepayees-pour-le-japon\\\/\",\"name\":\"Carte Sim pr\u00e9pay\u00e9e Pour le Japon - Carte Sim Japon\",\"isPartOf\":{\"@id\":\"https:\\\/\\\/cartesimjapon.com\\\/#website\"},\"primaryImageOfPage\":{\"@id\":\"https:\\\/\\\/cartesimjapon.com\\\/index.php\\\/cartes-sim-prepayees-pour-le-japon\\\/#primaryimage\"},\"image\":{\"@id\":\"https:\\\/\\\/cartesimjapon.com\\\/index.php\\\/cartes-sim-prepayees-pour-le-japon\\\/#primaryimage\"},\"thumbnailUrl\":\"https:\\\/\\\/cartesimjapon.com\\\/wp-content\\\/uploads\\\/2024\\\/09\\\/Carte-Sim-Japon-1024x576.webp\",\"datePublished\":\"2024-05-21T06:21:09+00:00\",\"dateModified\":\"2024-10-02T01:44:26+00:00\",\"description\":\"Recevez \u00e0 domicile votre Carte SIM pr\u00e9pay\u00e9e pour le Japon . Commandez en ligne : livraison rapide, valable 1 mois \u00e0 compter de l'activation.\",\"breadcrumb\":{\"@id\":\"https:\\\/\\\/cartesimjapon.com\\\/index.php\\\/cartes-sim-prepayees-pour-le-japon\\\/#breadcrumb\"},\"inLanguage\":\"fr-FR\",\"potentialAction\":[{\"@type\":\"ReadAction\",\"target\":[\"https:\\\/\\\/cartesimjapon.com\\\/index.php\\\/cartes-sim-prepayees-pour-le-japon\\\/\"]}]},{\"@type\":\"ImageObject\",\"inLanguage\":\"fr-FR\",\"@id\":\"https:\\\/\\\/cartesimjapon.com\\\/index.php\\\/cartes-sim-prepayees-pour-le-japon\\\/#primaryimage\",\"url\":\"https:\\\/\\\/cartesimjapon.com\\\/wp-content\\\/uploads\\\/2024\\\/09\\\/Carte-Sim-Japon.webp\",\"contentUrl\":\"https:\\\/\\\/cartesimjapon.com\\\/wp-content\\\/uploads\\\/2024\\\/09\\\/Carte-Sim-Japon.webp\",\"width\":1920,\"height\":1080,\"caption\":\"Carte sim pour le Japon\"},{\"@type\":\"BreadcrumbList\",\"@id\":\"https:\\\/\\\/cartesimjapon.com\\\/index.php\\\/cartes-sim-prepayees-pour-le-japon\\\/#breadcrumb\",\"itemListElement\":[{\"@type\":\"ListItem\",\"position\":1,\"name\":\"Accueil\",\"item\":\"https:\\\/\\\/cartesimjapon.com\\\/\"},{\"@type\":\"ListItem\",\"position\":2,\"name\":\"Carte Sim pr\u00e9pay\u00e9e Pour le Japon\"}]},{\"@type\":\"WebSite\",\"@id\":\"https:\\\/\\\/cartesimjapon.com\\\/#website\",\"url\":\"https:\\\/\\\/cartesimjapon.com\\\/\",\"name\":\"Carte Sim Japon\",\"description\":\"Recevez votre carte sim pour le Japon \u00e0 domicile\",\"publisher\":{\"@id\":\"https:\\\/\\\/cartesimjapon.com\\\/#organization\"},\"potentialAction\":[{\"@type\":\"SearchAction\",\"target\":{\"@type\":\"EntryPoint\",\"urlTemplate\":\"https:\\\/\\\/cartesimjapon.com\\\/?s={search_term_string}\"},\"query-input\":{\"@type\":\"PropertyValueSpecification\",\"valueRequired\":true,\"valueName\":\"search_term_string\"}}],\"inLanguage\":\"fr-FR\"},{\"@type\":\"Organization\",\"@id\":\"https:\\\/\\\/cartesimjapon.com\\\/#organization\",\"name\":\"Carte Sim Japon\",\"url\":\"https:\\\/\\\/cartesimjapon.com\\\/\",\"logo\":{\"@type\":\"ImageObject\",\"inLanguage\":\"fr-FR\",\"@id\":\"https:\\\/\\\/cartesimjapon.com\\\/#\\\/schema\\\/logo\\\/image\\\/\",\"url\":\"https:\\\/\\\/cartesimjapon.com\\\/wp-content\\\/uploads\\\/2024\\\/05\\\/cropped-Transparent.png\",\"contentUrl\":\"https:\\\/\\\/cartesimjapon.com\\\/wp-content\\\/uploads\\\/2024\\\/05\\\/cropped-Transparent.png\",\"width\":3525,\"height\":2893,\"caption\":\"Carte Sim Japon\"},\"image\":{\"@id\":\"https:\\\/\\\/cartesimjapon.com\\\/#\\\/schema\\\/logo\\\/image\\\/\"},\"sameAs\":[\"https:\\\/\\\/www.youtube.com\\\/@CarteSimJapon\",\"https:\\\/\\\/www.tiktok.com\\\/@cartesimjapon\",\"https:\\\/\\\/www.instagram.com\\\/carte_sim_japon\\\/\",\"https:\\\/\\\/www.facebook.com\\\/profile.php?id=61560788565180\"]}]}<\/script>\n<!-- \/ Yoast SEO plugin. -->","yoast_head_json":{"title":"Carte Sim pr\u00e9pay\u00e9e Pour le Japon - Carte Sim Japon","description":"Recevez \u00e0 domicile votre Carte SIM pr\u00e9pay\u00e9e pour le Japon . Commandez en ligne : livraison rapide, valable 1 mois \u00e0 compter de l'activation.","robots":{"index":"index","follow":"follow","max-snippet":"max-snippet:-1","max-image-preview":"max-image-preview:large","max-video-preview":"max-video-preview:-1"},"canonical":"https:\/\/cartesimjapon.com\/index.php\/cartes-sim-prepayees-pour-le-japon\/","og_locale":"fr_FR","og_type":"article","og_title":"Carte Sim pr\u00e9pay\u00e9e Pour le Japon - Carte Sim Japon","og_description":"Recevez \u00e0 domicile votre Carte SIM pr\u00e9pay\u00e9e pour le Japon . Commandez en ligne : livraison rapide, valable 1 mois \u00e0 compter de l'activation.","og_url":"https:\/\/cartesimjapon.com\/index.php\/cartes-sim-prepayees-pour-le-japon\/","og_site_name":"Carte Sim Japon","article_modified_time":"2024-10-02T01:44:26+00:00","og_image":[{"url":"https:\/\/cartesimjapon.com\/wp-content\/uploads\/2024\/09\/Carte-Sim-Japon-1024x576.webp","type":"","width":"","height":""}],"twitter_card":"summary_large_image","twitter_misc":{"Dur\u00e9e de lecture estim\u00e9e":"3 minutes"},"schema":{"@context":"https:\/\/schema.org","@graph":[{"@type":"WebPage","@id":"https:\/\/cartesimjapon.com\/index.php\/cartes-sim-prepayees-pour-le-japon\/","url":"https:\/\/cartesimjapon.com\/index.php\/cartes-sim-prepayees-pour-le-japon\/","name":"Carte Sim pr\u00e9pay\u00e9e Pour le Japon - Carte Sim Japon","isPartOf":{"@id":"https:\/\/cartesimjapon.com\/#website"},"primaryImageOfPage":{"@id":"https:\/\/cartesimjapon.com\/index.php\/cartes-sim-prepayees-pour-le-japon\/#primaryimage"},"image":{"@id":"https:\/\/cartesimjapon.com\/index.php\/cartes-sim-prepayees-pour-le-japon\/#primaryimage"},"thumbnailUrl":"https:\/\/cartesimjapon.com\/wp-content\/uploads\/2024\/09\/Carte-Sim-Japon-1024x576.webp","datePublished":"2024-05-21T06:21:09+00:00","dateModified":"2024-10-02T01:44:26+00:00","description":"Recevez \u00e0 domicile votre Carte SIM pr\u00e9pay\u00e9e pour le Japon . Commandez en ligne : livraison rapide, valable 1 mois \u00e0 compter de l'activation.","breadcrumb":{"@id":"https:\/\/cartesimjapon.com\/index.php\/cartes-sim-prepayees-pour-le-japon\/#breadcrumb"},"inLanguage":"fr-FR","potentialAction":[{"@type":"ReadAction","target":["https:\/\/cartesimjapon.com\/index.php\/cartes-sim-prepayees-pour-le-japon\/"]}]},{"@type":"ImageObject","inLanguage":"fr-FR","@id":"https:\/\/cartesimjapon.com\/index.php\/cartes-sim-prepayees-pour-le-japon\/#primaryimage","url":"https:\/\/cartesimjapon.com\/wp-content\/uploads\/2024\/09\/Carte-Sim-Japon.webp","contentUrl":"https:\/\/cartesimjapon.com\/wp-content\/uploads\/2024\/09\/Carte-Sim-Japon.webp","width":1920,"height":1080,"caption":"Carte sim pour le Japon"},{"@type":"BreadcrumbList","@id":"https:\/\/cartesimjapon.com\/index.php\/cartes-sim-prepayees-pour-le-japon\/#breadcrumb","itemListElement":[{"@type":"ListItem","position":1,"name":"Accueil","item":"https:\/\/cartesimjapon.com\/"},{"@type":"ListItem","position":2,"name":"Carte Sim pr\u00e9pay\u00e9e Pour le Japon"}]},{"@type":"WebSite","@id":"https:\/\/cartesimjapon.com\/#website","url":"https:\/\/cartesimjapon.com\/","name":"Carte Sim Japon","description":"Recevez votre carte sim pour le Japon \u00e0 domicile","publisher":{"@id":"https:\/\/cartesimjapon.com\/#organization"},"potentialAction":[{"@type":"SearchAction","target":{"@type":"EntryPoint","urlTemplate":"https:\/\/cartesimjapon.com\/?s={search_term_string}"},"query-input":{"@type":"PropertyValueSpecification","valueRequired":true,"valueName":"search_term_string"}}],"inLanguage":"fr-FR"},{"@type":"Organization","@id":"https:\/\/cartesimjapon.com\/#organization","name":"Carte Sim Japon","url":"https:\/\/cartesimjapon.com\/","logo":{"@type":"ImageObject","inLanguage":"fr-FR","@id":"https:\/\/cartesimjapon.com\/#\/schema\/logo\/image\/","url":"https:\/\/cartesimjapon.com\/wp-content\/uploads\/2024\/05\/cropped-Transparent.png","contentUrl":"https:\/\/cartesimjapon.com\/wp-content\/uploads\/2024\/05\/cropped-Transparent.png","width":3525,"height":2893,"caption":"Carte Sim Japon"},"image":{"@id":"https:\/\/cartesimjapon.com\/#\/schema\/logo\/image\/"},"sameAs":["https:\/\/www.youtube.com\/@CarteSimJapon","https:\/\/www.tiktok.com\/@cartesimjapon","https:\/\/www.instagram.com\/carte_sim_japon\/","https:\/\/www.facebook.com\/profile.php?id=61560788565180"]}]}},"jetpack_sharing_enabled":true,"_links":{"self":[{"href":"https:\/\/cartesimjapon.com\/index.php\/wp-json\/wp\/v2\/pages\/181","targetHints":{"allow":["GET"]}}],"collection":[{"href":"https:\/\/cartesimjapon.com\/index.php\/wp-json\/wp\/v2\/pages"}],"about":[{"href":"https:\/\/cartesimjapon.com\/index.php\/wp-json\/wp\/v2\/types\/page"}],"author":[{"embeddable":true,"href":"https:\/\/cartesimjapon.com\/index.php\/wp-json\/wp\/v2\/users\/1"}],"replies":[{"embeddable":true,"href":"https:\/\/cartesimjapon.com\/index.php\/wp-json\/wp\/v2\/comments?post=181"}],"version-history":[{"count":32,"href":"https:\/\/cartesimjapon.com\/index.php\/wp-json\/wp\/v2\/pages\/181\/revisions"}],"predecessor-version":[{"id":587,"href":"https:\/\/cartesimjapon.com\/index.php\/wp-json\/wp\/v2\/pages\/181\/revisions\/587"}],"wp:attachment":[{"href":"https:\/\/cartesimjapon.com\/index.php\/wp-json\/wp\/v2\/media?parent=181"}],"curies":[{"name":"wp","href":"https:\/\/api.w.org\/{rel}","templated":true}]}}